{"id":21,"date":"2026-03-23T11:24:13","date_gmt":"2026-03-23T11:24:13","guid":{"rendered":"https:\/\/xerbanu.guru\/?page_id=21"},"modified":"2026-03-23T11:24:16","modified_gmt":"2026-03-23T11:24:16","slug":"impressum","status":"publish","type":"page","link":"https:\/\/xerbanu.guru\/?page_id=21","title":{"rendered":"Impressum"},"content":{"rendered":"\n<p>Die rechtliche Fundierung von <strong>xerbanu<\/strong> am Standort Herrenberg ist die Voraussetzung f\u00fcr jede botanische Kuration. Maximilian Bohmer definiert hier die Verantwortlichkeiten und Identifikationsmerkmale des Ateliers gem\u00e4\u00df den geltenden gesetzlichen Normen der Bundesrepublik Deutschland.<\/p>\n\n\n\n<h3 class=\"wp-block-heading\">Konstitution der Verantwortlichkeit<\/h3>\n\n\n\n<ul class=\"wp-block-list\">\n<li><strong>Zentrale Leitung:<\/strong> Maximilian Bohmer<\/li>\n\n\n\n<li><strong>Physisches Archiv:<\/strong> Altenburger Weg 6, 71083 Herrenberg, Deutschland<\/li>\n\n\n\n<li><strong>Digitale Korrespondenz:<\/strong> support@xerbanu.guru<\/li>\n\n\n\n<li><strong>Fiskalische Registrierung:<\/strong> Umsatzsteuer-Identifikationsnummer gem\u00e4\u00df \u00a7 27 a Umsatzsteuergesetz: <strong>DE403957935<\/strong><\/li>\n<\/ul>\n\n\n\n<blockquote class=\"wp-block-quote is-layout-flow wp-block-quote-is-layout-flow\">\n<p><strong>Maximilian Bohmer zur Urheberschaft:<\/strong> Die morphologische Gestaltung unserer Str\u00e4u\u00dfe sowie die vaskul\u00e4ren Aufbereitungstechniken sind geistiges Eigentum von xerbanu. Jede unbefugte Vervielf\u00e4ltigung botanischer Konzepte oder digitaler Inhalte dieser Dom\u00e4ne wird rechtlich verfolgt.<\/p>\n<\/blockquote>\n\n\n\n<p>Die Plattform der EU-Kommission zur Online-Streitbeilegung (OS) dient als prim\u00e4rer Vektor zur Schlichtung etwaiger Differenzen. Wir sind weder verpflichtet noch bereit, an Streitbeilegungsverfahren vor einer Verbraucherschlichtungsstelle teilzunehmen, da wir auf die pr\u00e4zise, bilaterale Kl\u00e4rung technischer und \u00e4sthetischer Fragen setzen.<\/p>\n","protected":false},"excerpt":{"rendered":"<p>Die rechtliche Fundierung von xerbanu am Standort Herrenberg ist die Voraussetzung f\u00fcr jede botanische Kuration. Maximilian Bohmer definiert hier die Verantwortlichkeiten und Identifikationsmerkmale des Ateliers gem\u00e4\u00df den geltenden gesetzlichen Normen der Bundesrepublik Deutschland. Konstitution der Verantwortlichkeit Maximilian Bohmer zur Urheberschaft: Die morphologische Gestaltung unserer Str\u00e4u\u00dfe sowie die vaskul\u00e4ren Aufbereitungstechniken sind geistiges Eigentum von xerbanu. Jede [&hellip;]<\/p>\n","protected":false},"author":1,"featured_media":0,"parent":0,"menu_order":5,"comment_status":"closed","ping_status":"closed","template":"","meta":{"footnotes":""},"class_list":["post-21","page","type-page","status-publish","hentry"],"_links":{"self":[{"href":"https:\/\/xerbanu.guru\/index.php?rest_route=\/wp\/v2\/pages\/21","targetHints":{"allow":["GET"]}}],"collection":[{"href":"https:\/\/xerbanu.guru\/index.php?rest_route=\/wp\/v2\/pages"}],"about":[{"href":"https:\/\/xerbanu.guru\/index.php?rest_route=\/wp\/v2\/types\/page"}],"author":[{"embeddable":true,"href":"https:\/\/xerbanu.guru\/index.php?rest_route=\/wp\/v2\/users\/1"}],"replies":[{"embeddable":true,"href":"https:\/\/xerbanu.guru\/index.php?rest_route=%2Fwp%2Fv2%2Fcomments&post=21"}],"version-history":[{"count":1,"href":"https:\/\/xerbanu.guru\/index.php?rest_route=\/wp\/v2\/pages\/21\/revisions"}],"predecessor-version":[{"id":22,"href":"https:\/\/xerbanu.guru\/index.php?rest_route=\/wp\/v2\/pages\/21\/revisions\/22"}],"wp:attachment":[{"href":"https:\/\/xerbanu.guru\/index.php?rest_route=%2Fwp%2Fv2%2Fmedia&parent=21"}],"curies":[{"name":"wp","href":"https:\/\/api.w.org\/{rel}","templated":true}]}}